{"id":10,"date":"2025-03-14T03:52:54","date_gmt":"2025-03-14T03:52:54","guid":{"rendered":"https:\/\/phonelockpouch.com\/cart\/"},"modified":"2025-03-20T01:42:34","modified_gmt":"2025-03-20T01:42:34","slug":"cart","status":"publish","type":"page","link":"https:\/\/phonelockpouch.com\/hu\/cart\/","title":{"rendered":"\u8cfc\u7269\u8eca"},"content":{"rendered":"<div data-block-name=\"woocommerce\/cart\" class=\"wp-block-woocommerce-cart alignwide is-loading\">\n<div data-block-name=\"woocommerce\/filled-cart-block\" class=\"wp-block-woocommerce-filled-cart-block\">\n<div data-block-name=\"woocommerce\/cart-items-block\" class=\"wp-block-woocommerce-cart-items-block\">\n<div data-block-name=\"woocommerce\/cart-line-items-block\" class=\"wp-block-woocommerce-cart-line-items-block\"><\/div>\n\n\n\n<div data-block-name=\"woocommerce\/cart-cross-sells-block\" class=\"wp-block-woocommerce-cart-cross-sells-block\">\n<h2 class=\"wp-block-heading has-large-font-size\">\u4f60\u53ef\u80fd\u5c0d\u9019\u4e9b\u7522\u54c1\u611f\u8208\u8da3\uff1a<\/h2>\n\n\n\n<div data-block-name=\"woocommerce\/cart-cross-sells-products-block\" class=\"wp-block-woocommerce-cart-cross-sells-products-block\"><\/div>\n<\/div>\n<\/div>\n\n\n\n<div data-block-name=\"woocommerce\/cart-totals-block\" class=\"wp-block-woocommerce-cart-totals-block\">\n<div data-block-name=\"woocommerce\/cart-order-summary-block\" class=\"wp-block-woocommerce-cart-order-summary-block\">\n<div data-block-name=\"woocommerce\/cart-order-summary-heading-block\" class=\"wp-block-woocommerce-cart-order-summary-heading-block\"><\/div><div data-block-name=\"woocommerce\/cart-order-summary-coupon-form-block\" class=\"wp-block-woocommerce-cart-order-summary-coupon-form-block\"><\/div><div data-block-name=\"woocommerce\/cart-order-summary-totals-block\" class=\"wp-block-woocommerce-cart-order-summary-totals-block\">\n<div data-block-name=\"woocommerce\/cart-order-summary-subtotal-block\" class=\"wp-block-woocommerce-cart-order-summary-subtotal-block\"><\/div>\n<div data-block-name=\"woocommerce\/cart-order-summary-discount-block\" class=\"wp-block-woocommerce-cart-order-summary-discount-block\"><\/div>\n<div data-block-name=\"woocommerce\/cart-order-summary-fee-block\" class=\"wp-block-woocommerce-cart-order-summary-fee-block\"><\/div>\n<div data-block-name=\"woocommerce\/cart-order-summary-shipping-block\" class=\"wp-block-woocommerce-cart-order-summary-shipping-block\"><\/div>\n<div data-block-name=\"woocommerce\/cart-order-summary-taxes-block\" class=\"wp-block-woocommerce-cart-order-summary-taxes-block\"><\/div><\/div>\n<\/div>\n\n\n\n<div data-block-name=\"woocommerce\/cart-express-payment-block\" class=\"wp-block-woocommerce-cart-express-payment-block\"><\/div>\n\n\n\n<div data-block-name=\"woocommerce\/proceed-to-checkout-block\" class=\"wp-block-woocommerce-proceed-to-checkout-block\"><\/div>\n\n\n\n<div data-block-name=\"woocommerce\/cart-accepted-payment-methods-block\" class=\"wp-block-woocommerce-cart-accepted-payment-methods-block\"><\/div>\n<\/div>\n<\/div>\n\n\n\n<div data-block-name=\"woocommerce\/empty-cart-block\" class=\"wp-block-woocommerce-empty-cart-block\">\n<h2 class=\"wp-block-heading has-text-align-center with-empty-cart-icon wc-block-cart__empty-cart__title\">\u4f60\u7684\u8cfc\u7269\u8eca\u76ee\u524d\u662f\u7a7a\u7684\uff01<\/h2>\n\n\n\n<hr class=\"wp-block-separator has-alpha-channel-opacity is-style-dots\"\/>\n\n\n\n<h2 class=\"wp-block-heading has-text-align-center\">\u65b0\u54c1\u5230\u8ca8<\/h2>\n\n\n<div data-block-name=\"woocommerce\/product-new\" data-columns=\"4\" data-rows=\"1\" class=\"wc-block-grid wp-block-product-new wp-block-woocommerce-product-new wc-block-product-new has-4-columns\"><ul class=\"wc-block-grid__products\"><li class=\"wc-block-grid__product\">\n\t\t\t\t<a href=\"https:\/\/phonelockpouch.com\/hu\/termek\/portable-magnetic-unlocker-eva-case\/\" class=\"wc-block-grid__product-link\">\n\t\t\t\t\t\n\t\t\t\t\t<div class=\"wc-block-grid__product-image\"><img fetchpriority=\"high\" decoding=\"async\" width=\"300\" height=\"300\" src=\"https:\/\/phonelockpouch.com\/wp-content\/uploads\/2026\/01\/QQ20260121-163106-300x300.png\" class=\"attachment-woocommerce_thumbnail size-woocommerce_thumbnail\" alt=\"Portable Magnetic Unlocker (EVA Case)\" srcset=\"https:\/\/phonelockpouch.com\/wp-content\/uploads\/2026\/01\/QQ20260121-163106-300x300.png 300w, https:\/\/phonelockpouch.com\/wp-content\/uploads\/2026\/01\/QQ20260121-163106-1019x1024.png 1019w, https:\/\/phonelockpouch.com\/wp-content\/uploads\/2026\/01\/QQ20260121-163106-150x150.png 150w, https:\/\/phonelockpouch.com\/wp-content\/uploads\/2026\/01\/QQ20260121-163106-12x12.png 12w, https:\/\/phonelockpouch.com\/wp-content\/uploads\/2026\/01\/QQ20260121-163106-100x100.png 100w\" sizes=\"(max-width: 300px) 100vw, 300px\" \/><\/div>\n\t\t\t\t\t<div class=\"wc-block-grid__product-title\">Portable Magnetic Unlocker (EVA Case)<\/div>\n\t\t\t\t<\/a>\n\t\t\t\t<div class=\"wc-block-grid__product-price price\"><\/div>\n\t\t\t\t\n\t\t\t\t<div class=\"wp-block-button wc-block-grid__product-add-to-cart\"><a href=\"https:\/\/phonelockpouch.com\/hu\/termek\/portable-magnetic-unlocker-eva-case\/\" aria-label=\"\u201cPortable Magnetic Unlocker (EVA Case)\u201d term\u00e9kr\u0151l t\u00f6bb inform\u00e1ci\u00f3\" data-quantity=\"1\" data-product_id=\"613\" data-product_sku=\"\" data-price=\"0\" rel=\"nofollow\" class=\"wp-block-button__link  add_to_cart_button\" data-no-translation=\"\" data-trp-gettext=\"\" data-no-translation-aria-label=\"\">Tov\u00e1bb olvasom<\/a><\/div>\n\t\t\t<\/li><li class=\"wc-block-grid__product\">\n\t\t\t\t<a href=\"https:\/\/phonelockpouch.com\/hu\/termek\/magnetic-unlocker\/\" class=\"wc-block-grid__product-link\">\n\t\t\t\t\t\n\t\t\t\t\t<div class=\"wc-block-grid__product-image\"><img decoding=\"async\" width=\"300\" height=\"300\" src=\"https:\/\/phonelockpouch.com\/wp-content\/uploads\/2025\/08\/8514a1d2e5394d874832b88a310852e8-300x300.jpg\" class=\"attachment-woocommerce_thumbnail size-woocommerce_thumbnail\" alt=\"Magnetic Unlocker\" srcset=\"https:\/\/phonelockpouch.com\/wp-content\/uploads\/2025\/08\/8514a1d2e5394d874832b88a310852e8-300x300.jpg 300w, https:\/\/phonelockpouch.com\/wp-content\/uploads\/2025\/08\/8514a1d2e5394d874832b88a310852e8-1024x1024.jpg 1024w, https:\/\/phonelockpouch.com\/wp-content\/uploads\/2025\/08\/8514a1d2e5394d874832b88a310852e8-150x150.jpg 150w, https:\/\/phonelockpouch.com\/wp-content\/uploads\/2025\/08\/8514a1d2e5394d874832b88a310852e8-768x768.jpg 768w, https:\/\/phonelockpouch.com\/wp-content\/uploads\/2025\/08\/8514a1d2e5394d874832b88a310852e8-1536x1536.jpg 1536w, https:\/\/phonelockpouch.com\/wp-content\/uploads\/2025\/08\/8514a1d2e5394d874832b88a310852e8-12x12.jpg 12w, https:\/\/phonelockpouch.com\/wp-content\/uploads\/2025\/08\/8514a1d2e5394d874832b88a310852e8-600x600.jpg 600w, https:\/\/phonelockpouch.com\/wp-content\/uploads\/2025\/08\/8514a1d2e5394d874832b88a310852e8-100x100.jpg 100w, https:\/\/phonelockpouch.com\/wp-content\/uploads\/2025\/08\/8514a1d2e5394d874832b88a310852e8.jpg 1920w\" sizes=\"(max-width: 300px) 100vw, 300px\" \/><\/div>\n\t\t\t\t\t<div class=\"wc-block-grid__product-title\">Magnetic Unlocker<\/div>\n\t\t\t\t<\/a>\n\t\t\t\t<div class=\"wc-block-grid__product-price price\"><\/div>\n\t\t\t\t\n\t\t\t\t<div class=\"wp-block-button wc-block-grid__product-add-to-cart\"><a href=\"https:\/\/phonelockpouch.com\/hu\/termek\/magnetic-unlocker\/\" aria-label=\"\u201cMagnetic Unlocker\u201d term\u00e9kr\u0151l t\u00f6bb inform\u00e1ci\u00f3\" data-quantity=\"1\" data-product_id=\"537\" data-product_sku=\"\" data-price=\"0\" rel=\"nofollow\" class=\"wp-block-button__link  add_to_cart_button\" data-no-translation=\"\" data-trp-gettext=\"\" data-no-translation-aria-label=\"\">Tov\u00e1bb olvasom<\/a><\/div>\n\t\t\t<\/li><li class=\"wc-block-grid__product\">\n\t\t\t\t<a href=\"https:\/\/phonelockpouch.com\/hu\/termek\/magnetic-lock-phone-pouch\/\" class=\"wc-block-grid__product-link\">\n\t\t\t\t\t\n\t\t\t\t\t<div class=\"wc-block-grid__product-image\"><img decoding=\"async\" width=\"300\" height=\"300\" src=\"https:\/\/phonelockpouch.com\/wp-content\/uploads\/2025\/07\/IMG_9689-2-300x300.jpg\" class=\"attachment-woocommerce_thumbnail size-woocommerce_thumbnail\" alt=\"Magnetic Lock Phone Pouch\" srcset=\"https:\/\/phonelockpouch.com\/wp-content\/uploads\/2025\/07\/IMG_9689-2-300x300.jpg 300w, https:\/\/phonelockpouch.com\/wp-content\/uploads\/2025\/07\/IMG_9689-2-1024x1024.jpg 1024w, https:\/\/phonelockpouch.com\/wp-content\/uploads\/2025\/07\/IMG_9689-2-150x150.jpg 150w, https:\/\/phonelockpouch.com\/wp-content\/uploads\/2025\/07\/IMG_9689-2-768x768.jpg 768w, https:\/\/phonelockpouch.com\/wp-content\/uploads\/2025\/07\/IMG_9689-2-1536x1536.jpg 1536w, https:\/\/phonelockpouch.com\/wp-content\/uploads\/2025\/07\/IMG_9689-2-2048x2048.jpg 2048w, https:\/\/phonelockpouch.com\/wp-content\/uploads\/2025\/07\/IMG_9689-2-12x12.jpg 12w, https:\/\/phonelockpouch.com\/wp-content\/uploads\/2025\/07\/IMG_9689-2-600x600.jpg 600w, https:\/\/phonelockpouch.com\/wp-content\/uploads\/2025\/07\/IMG_9689-2-100x100.jpg 100w\" sizes=\"(max-width: 300px) 100vw, 300px\" \/><\/div>\n\t\t\t\t\t<div class=\"wc-block-grid__product-title\">Magnetic Lock Phone Pouch<\/div>\n\t\t\t\t<\/a>\n\t\t\t\t<div class=\"wc-block-grid__product-price price\"><\/div>\n\t\t\t\t\n\t\t\t\t<div class=\"wp-block-button wc-block-grid__product-add-to-cart\"><a href=\"https:\/\/phonelockpouch.com\/hu\/termek\/magnetic-lock-phone-pouch\/\" aria-label=\"\u201cMagnetic Lock Phone Pouch\u201d term\u00e9kr\u0151l t\u00f6bb inform\u00e1ci\u00f3\" data-quantity=\"1\" data-product_id=\"498\" data-product_sku=\"\" data-price=\"0\" rel=\"nofollow\" class=\"wp-block-button__link  add_to_cart_button\" data-no-translation=\"\" data-trp-gettext=\"\" data-no-translation-aria-label=\"\">Tov\u00e1bb olvasom<\/a><\/div>\n\t\t\t<\/li><li class=\"wc-block-grid__product\">\n\t\t\t\t<a href=\"https:\/\/phonelockpouch.com\/hu\/termek\/velcro-lock-phone-pouch\/\" class=\"wc-block-grid__product-link\">\n\t\t\t\t\t\n\t\t\t\t\t<div class=\"wc-block-grid__product-image\"><img loading=\"lazy\" decoding=\"async\" width=\"300\" height=\"300\" src=\"https:\/\/phonelockpouch.com\/wp-content\/uploads\/2025\/07\/IMG_9684-2-300x300.jpg\" class=\"attachment-woocommerce_thumbnail size-woocommerce_thumbnail\" alt=\"Velcro Lock Phone Pouch\" srcset=\"https:\/\/phonelockpouch.com\/wp-content\/uploads\/2025\/07\/IMG_9684-2-300x300.jpg 300w, https:\/\/phonelockpouch.com\/wp-content\/uploads\/2025\/07\/IMG_9684-2-1024x1024.jpg 1024w, https:\/\/phonelockpouch.com\/wp-content\/uploads\/2025\/07\/IMG_9684-2-150x150.jpg 150w, https:\/\/phonelockpouch.com\/wp-content\/uploads\/2025\/07\/IMG_9684-2-768x768.jpg 768w, https:\/\/phonelockpouch.com\/wp-content\/uploads\/2025\/07\/IMG_9684-2-1536x1536.jpg 1536w, https:\/\/phonelockpouch.com\/wp-content\/uploads\/2025\/07\/IMG_9684-2-2048x2048.jpg 2048w, https:\/\/phonelockpouch.com\/wp-content\/uploads\/2025\/07\/IMG_9684-2-12x12.jpg 12w, https:\/\/phonelockpouch.com\/wp-content\/uploads\/2025\/07\/IMG_9684-2-600x600.jpg 600w, https:\/\/phonelockpouch.com\/wp-content\/uploads\/2025\/07\/IMG_9684-2-100x100.jpg 100w\" sizes=\"(max-width: 300px) 100vw, 300px\" \/><\/div>\n\t\t\t\t\t<div class=\"wc-block-grid__product-title\">Velcro Lock Phone Pouch<\/div>\n\t\t\t\t<\/a>\n\t\t\t\t<div class=\"wc-block-grid__product-price price\"><\/div>\n\t\t\t\t\n\t\t\t\t<div class=\"wp-block-button wc-block-grid__product-add-to-cart\"><a href=\"https:\/\/phonelockpouch.com\/hu\/termek\/velcro-lock-phone-pouch\/\" aria-label=\"\u201cVelcro Lock Phone Pouch\u201d term\u00e9kr\u0151l t\u00f6bb inform\u00e1ci\u00f3\" data-quantity=\"1\" data-product_id=\"490\" data-product_sku=\"\" data-price=\"0\" rel=\"nofollow\" class=\"wp-block-button__link  add_to_cart_button\" data-no-translation=\"\" data-trp-gettext=\"\" data-no-translation-aria-label=\"\">Tov\u00e1bb olvasom<\/a><\/div>\n\t\t\t<\/li><\/ul><\/div><\/div>\n<\/div>","protected":false},"excerpt":{"rendered":"","protected":false},"author":1,"featured_media":0,"parent":0,"menu_order":0,"comment_status":"closed","ping_status":"closed","template":"","meta":{"_coblocks_attr":"","_coblocks_dimensions":"","_coblocks_responsive_height":"","_coblocks_accordion_ie_support":"","_uag_custom_page_level_css":"","site-sidebar-layout":"default","site-content-layout":"","ast-site-content-layout":"default","site-content-style":"default","site-sidebar-style":"default","ast-global-header-display":"","ast-banner-title-visibility":"","ast-main-header-display":"","ast-hfb-above-header-display":"","ast-hfb-below-header-display":"","ast-hfb-mobile-header-display":"","site-post-title":"","ast-breadcrumbs-content":"","ast-featured-img":"","footer-sml-layout":"","ast-disable-related-posts":"","theme-transparent-header-meta":"","adv-header-id-meta":"","stick-header-meta":"","header-above-stick-meta":"","header-main-stick-meta":"","header-below-stick-meta":"","astra-migrate-meta-layouts":"default","ast-page-background-enabled":"default","ast-page-background-meta":{"desktop":{"background-color":"var(--ast-global-color-5)","background-image":"","background-repeat":"repeat","background-position":"center center","background-size":"auto","background-attachment":"scroll","background-type":"","background-media":"","overlay-type":"","overlay-color":"","overlay-opacity":"","overlay-gradient":""},"tablet":{"background-color":"","background-image":"","background-repeat":"repeat","background-position":"center center","background-size":"auto","background-attachment":"scroll","background-type":"","background-media":"","overlay-type":"","overlay-color":"","overlay-opacity":"","overlay-gradient":""},"mobile":{"background-color":"","background-image":"","background-repeat":"repeat","background-position":"center center","background-size":"auto","background-attachment":"scroll","background-type":"","background-media":"","overlay-type":"","overlay-color":"","overlay-opacity":"","overlay-gradient":""}},"ast-content-background-meta":{"desktop":{"background-color":"var(--ast-global-color-4)","background-image":"","background-repeat":"repeat","background-position":"center center","background-size":"auto","background-attachment":"scroll","background-type":"","background-media":"","overlay-type":"","overlay-color":"","overlay-opacity":"","overlay-gradient":""},"tablet":{"background-color":"var(--ast-global-color-4)","background-image":"","background-repeat":"repeat","background-position":"center center","background-size":"auto","background-attachment":"scroll","background-type":"","background-media":"","overlay-type":"","overlay-color":"","overlay-opacity":"","overlay-gradient":""},"mobile":{"background-color":"var(--ast-global-color-4)","background-image":"","background-repeat":"repeat","background-position":"center center","background-size":"auto","background-attachment":"scroll","background-type":"","background-media":"","overlay-type":"","overlay-color":"","overlay-opacity":"","overlay-gradient":""}},"footnotes":""},"class_list":["post-10","page","type-page","status-publish","hentry"],"yoast_head":"<!-- This site is optimized with the Yoast SEO Premium plugin v23.6 (Yoast SEO v27.2) - https:\/\/yoast.com\/product\/yoast-seo-premium-wordpress\/ -->\n<title>\u8cfc\u7269\u8eca - Phone Lock Pouch Manufacturer<\/title>\n<meta name=\"robots\" content=\"index, follow, max-snippet:-1, max-image-preview:large, max-video-preview:-1\" \/>\n<link rel=\"canonical\" href=\"https:\/\/phonelockpouch.com\/hu\/cart\/\" \/>\n<meta property=\"og:locale\" content=\"hu_HU\" \/>\n<meta property=\"og:type\" content=\"article\" \/>\n<meta property=\"og:title\" content=\"\u8cfc\u7269\u8eca\" \/>\n<meta property=\"og:url\" content=\"https:\/\/phonelockpouch.com\/hu\/cart\/\" \/>\n<meta property=\"og:site_name\" content=\"Phone Lock Pouch Manufacturer\" \/>\n<meta property=\"article:modified_time\" content=\"2025-03-20T01:42:34+00:00\" \/>\n<meta name=\"twitter:card\" content=\"summary_large_image\" \/>\n<script type=\"application\/ld+json\" class=\"yoast-schema-graph\">{\"@context\":\"https:\/\/schema.org\",\"@graph\":[{\"@type\":\"WebPage\",\"@id\":\"https:\/\/phonelockpouch.com\/cart\/\",\"url\":\"https:\/\/phonelockpouch.com\/cart\/\",\"name\":\"\u8cfc\u7269\u8eca - Phone Lock Pouch Manufacturer\",\"isPartOf\":{\"@id\":\"https:\/\/phonelockpouch.com\/#website\"},\"datePublished\":\"2025-03-14T03:52:54+00:00\",\"dateModified\":\"2025-03-20T01:42:34+00:00\",\"breadcrumb\":{\"@id\":\"https:\/\/phonelockpouch.com\/cart\/#breadcrumb\"},\"inLanguage\":\"hu\",\"potentialAction\":[{\"@type\":\"ReadAction\",\"target\":[\"https:\/\/phonelockpouch.com\/cart\/\"]}]},{\"@type\":\"BreadcrumbList\",\"@id\":\"https:\/\/phonelockpouch.com\/cart\/#breadcrumb\",\"itemListElement\":[{\"@type\":\"ListItem\",\"position\":1,\"name\":\"\u9996\u9875\",\"item\":\"https:\/\/phonelockpouch.com\/\"},{\"@type\":\"ListItem\",\"position\":2,\"name\":\"\u8cfc\u7269\u8eca\"}]},{\"@type\":\"WebSite\",\"@id\":\"https:\/\/phonelockpouch.com\/#website\",\"url\":\"https:\/\/phonelockpouch.com\/\",\"name\":\"Phone Lock Pouch Manufacturer\",\"description\":\"\",\"publisher\":{\"@id\":\"https:\/\/phonelockpouch.com\/#organization\"},\"potentialAction\":[{\"@type\":\"SearchAction\",\"target\":{\"@type\":\"EntryPoint\",\"urlTemplate\":\"https:\/\/phonelockpouch.com\/?s={search_term_string}\"},\"query-input\":{\"@type\":\"PropertyValueSpecification\",\"valueRequired\":true,\"valueName\":\"search_term_string\"}}],\"inLanguage\":\"hu\"},{\"@type\":\"Organization\",\"@id\":\"https:\/\/phonelockpouch.com\/#organization\",\"name\":\"Phone Lock Pouch Manufacturer\",\"url\":\"https:\/\/phonelockpouch.com\/\",\"logo\":{\"@type\":\"ImageObject\",\"inLanguage\":\"hu\",\"@id\":\"https:\/\/phonelockpouch.com\/#\/schema\/logo\/image\/\",\"url\":\"https:\/\/phonelockpouch.com\/wp-content\/uploads\/2025\/03\/cropped-\u8fc8\u5c14LOGO-2.png\",\"contentUrl\":\"https:\/\/phonelockpouch.com\/wp-content\/uploads\/2025\/03\/cropped-\u8fc8\u5c14LOGO-2.png\",\"width\":149,\"height\":81,\"caption\":\"Phone Lock Pouch Manufacturer\"},\"image\":{\"@id\":\"https:\/\/phonelockpouch.com\/#\/schema\/logo\/image\/\"}}]}<\/script>\n<!-- \/ Yoast SEO Premium plugin. -->","yoast_head_json":{"title":"\u8cfc\u7269\u8eca - Phone Lock Pouch Manufacturer","robots":{"index":"index","follow":"follow","max-snippet":"max-snippet:-1","max-image-preview":"max-image-preview:large","max-video-preview":"max-video-preview:-1"},"canonical":"https:\/\/phonelockpouch.com\/hu\/cart\/","og_locale":"hu_HU","og_type":"article","og_title":"\u8cfc\u7269\u8eca","og_url":"https:\/\/phonelockpouch.com\/hu\/cart\/","og_site_name":"Phone Lock Pouch Manufacturer","article_modified_time":"2025-03-20T01:42:34+00:00","twitter_card":"summary_large_image","schema":{"@context":"https:\/\/schema.org","@graph":[{"@type":"WebPage","@id":"https:\/\/phonelockpouch.com\/cart\/","url":"https:\/\/phonelockpouch.com\/cart\/","name":"\u8cfc\u7269\u8eca - Phone Lock Pouch Manufacturer","isPartOf":{"@id":"https:\/\/phonelockpouch.com\/#website"},"datePublished":"2025-03-14T03:52:54+00:00","dateModified":"2025-03-20T01:42:34+00:00","breadcrumb":{"@id":"https:\/\/phonelockpouch.com\/cart\/#breadcrumb"},"inLanguage":"hu","potentialAction":[{"@type":"ReadAction","target":["https:\/\/phonelockpouch.com\/cart\/"]}]},{"@type":"BreadcrumbList","@id":"https:\/\/phonelockpouch.com\/cart\/#breadcrumb","itemListElement":[{"@type":"ListItem","position":1,"name":"\u9996\u9875","item":"https:\/\/phonelockpouch.com\/"},{"@type":"ListItem","position":2,"name":"\u8cfc\u7269\u8eca"}]},{"@type":"WebSite","@id":"https:\/\/phonelockpouch.com\/#website","url":"https:\/\/phonelockpouch.com\/","name":"Phone Lock Pouch Manufacturer","description":"","publisher":{"@id":"https:\/\/phonelockpouch.com\/#organization"},"potentialAction":[{"@type":"SearchAction","target":{"@type":"EntryPoint","urlTemplate":"https:\/\/phonelockpouch.com\/?s={search_term_string}"},"query-input":{"@type":"PropertyValueSpecification","valueRequired":true,"valueName":"search_term_string"}}],"inLanguage":"hu"},{"@type":"Organization","@id":"https:\/\/phonelockpouch.com\/#organization","name":"Phone Lock Pouch Manufacturer","url":"https:\/\/phonelockpouch.com\/","logo":{"@type":"ImageObject","inLanguage":"hu","@id":"https:\/\/phonelockpouch.com\/#\/schema\/logo\/image\/","url":"https:\/\/phonelockpouch.com\/wp-content\/uploads\/2025\/03\/cropped-\u8fc8\u5c14LOGO-2.png","contentUrl":"https:\/\/phonelockpouch.com\/wp-content\/uploads\/2025\/03\/cropped-\u8fc8\u5c14LOGO-2.png","width":149,"height":81,"caption":"Phone Lock Pouch Manufacturer"},"image":{"@id":"https:\/\/phonelockpouch.com\/#\/schema\/logo\/image\/"}}]}},"spectra_custom_meta":{"_yoast_indexnow_last_ping":["1742434955"],"_uag_css_file_name":["uag-css-10.css"],"_uag_page_assets":["a:9:{s:3:\"css\";s:1818:\".uag-blocks-common-selector{z-index:var(--z-index-desktop) !important}@media (max-width: 976px){.uag-blocks-common-selector{z-index:var(--z-index-tablet) !important}}@media (max-width: 767px){.uag-blocks-common-selector{z-index:var(--z-index-mobile) !important}}\n.wp-block-uagb-advanced-heading h1,.wp-block-uagb-advanced-heading h2,.wp-block-uagb-advanced-heading h3,.wp-block-uagb-advanced-heading h4,.wp-block-uagb-advanced-heading h5,.wp-block-uagb-advanced-heading h6,.wp-block-uagb-advanced-heading p,.wp-block-uagb-advanced-heading div{word-break:break-word}.wp-block-uagb-advanced-heading .uagb-heading-text{margin:0}.wp-block-uagb-advanced-heading .uagb-desc-text{margin:0}.wp-block-uagb-advanced-heading .uagb-separator{font-size:0;border-top-style:solid;display:inline-block;margin:0 0 10px 0}.wp-block-uagb-advanced-heading .uagb-highlight{color:#f78a0c;border:0;transition:all 0.3s ease}.uag-highlight-toolbar{border-left:0;border-top:0;border-bottom:0;border-radius:0;border-right-color:#1e1e1e}.uag-highlight-toolbar .components-button{border-radius:0;outline:none}.uag-highlight-toolbar .components-button.is-primary{color:#fff}\n.wp-block-uagb-advanced-heading.uagb-block-bb284153.wp-block-uagb-advanced-heading .uagb-desc-text{margin-bottom: 15px;}.wp-block-uagb-advanced-heading.uagb-block-bb284153.wp-block-uagb-advanced-heading .uagb-highlight{font-style: normal;font-weight: Default;background: #007cba;color: #fff;-webkit-text-fill-color: #fff;}.wp-block-uagb-advanced-heading.uagb-block-bb284153.wp-block-uagb-advanced-heading .uagb-highlight::-moz-selection{color: #fff;background: #007cba;-webkit-text-fill-color: #fff;}.wp-block-uagb-advanced-heading.uagb-block-bb284153.wp-block-uagb-advanced-heading .uagb-highlight::selection{color: #fff;background: #007cba;-webkit-text-fill-color: #fff;}\";s:2:\"js\";s:0:\"\";s:18:\"current_block_list\";a:27:{i:0;s:16:\"woocommerce\/cart\";i:1;s:29:\"woocommerce\/filled-cart-block\";i:2;s:28:\"woocommerce\/cart-items-block\";i:3;s:33:\"woocommerce\/cart-line-items-block\";i:4;s:34:\"woocommerce\/cart-cross-sells-block\";i:5;s:12:\"core\/heading\";i:6;s:43:\"woocommerce\/cart-cross-sells-products-block\";i:7;s:29:\"woocommerce\/cart-totals-block\";i:8;s:36:\"woocommerce\/cart-order-summary-block\";i:9;s:44:\"woocommerce\/cart-order-summary-heading-block\";i:10;s:48:\"woocommerce\/cart-order-summary-coupon-form-block\";i:11;s:45:\"woocommerce\/cart-order-summary-subtotal-block\";i:12;s:40:\"woocommerce\/cart-order-summary-fee-block\";i:13;s:45:\"woocommerce\/cart-order-summary-discount-block\";i:14;s:45:\"woocommerce\/cart-order-summary-shipping-block\";i:15;s:42:\"woocommerce\/cart-order-summary-taxes-block\";i:16;s:38:\"woocommerce\/cart-express-payment-block\";i:17;s:37:\"woocommerce\/proceed-to-checkout-block\";i:18;s:47:\"woocommerce\/cart-accepted-payment-methods-block\";i:19;s:28:\"woocommerce\/empty-cart-block\";i:20;s:14:\"core\/separator\";i:21;s:23:\"woocommerce\/product-new\";i:22;s:10:\"core\/image\";i:23;s:14:\"core\/paragraph\";i:24;s:21:\"uagb\/advanced-heading\";i:25;s:9:\"core\/list\";i:26;s:14:\"core\/list-item\";}s:8:\"uag_flag\";b:1;s:11:\"uag_version\";s:10:\"1774321992\";s:6:\"gfonts\";a:0:{}s:10:\"gfonts_url\";s:0:\"\";s:12:\"gfonts_files\";a:0:{}s:14:\"uag_faq_layout\";b:0;}"]},"uagb_featured_image_src":{"full":false,"thumbnail":false,"medium":false,"medium_large":false,"large":false,"1536x1536":false,"2048x2048":false,"trp-custom-language-flag":false,"woocommerce_thumbnail":false,"woocommerce_single":false,"woocommerce_gallery_thumbnail":false},"uagb_author_info":{"display_name":"phonelockpouch","author_link":"https:\/\/phonelockpouch.com\/hu\/author\/55230pwpadmin\/"},"uagb_comment_info":0,"uagb_excerpt":null,"_links":{"self":[{"href":"https:\/\/phonelockpouch.com\/hu\/wp-json\/wp\/v2\/pages\/10","targetHints":{"allow":["GET"]}}],"collection":[{"href":"https:\/\/phonelockpouch.com\/hu\/wp-json\/wp\/v2\/pages"}],"about":[{"href":"https:\/\/phonelockpouch.com\/hu\/wp-json\/wp\/v2\/types\/page"}],"author":[{"embeddable":true,"href":"https:\/\/phonelockpouch.com\/hu\/wp-json\/wp\/v2\/users\/1"}],"replies":[{"embeddable":true,"href":"https:\/\/phonelockpouch.com\/hu\/wp-json\/wp\/v2\/comments?post=10"}],"version-history":[{"count":1,"href":"https:\/\/phonelockpouch.com\/hu\/wp-json\/wp\/v2\/pages\/10\/revisions"}],"predecessor-version":[{"id":268,"href":"https:\/\/phonelockpouch.com\/hu\/wp-json\/wp\/v2\/pages\/10\/revisions\/268"}],"wp:attachment":[{"href":"https:\/\/phonelockpouch.com\/hu\/wp-json\/wp\/v2\/media?parent=10"}],"curies":[{"name":"wp","href":"https:\/\/api.w.org\/{rel}","templated":true}]}}